{"id":1799,"date":"2021-07-01T12:50:53","date_gmt":"2021-07-01T12:50:53","guid":{"rendered":"https:\/\/belboon.simonmade.it\/?page_id=1799"},"modified":"2025-05-31T20:00:48","modified_gmt":"2025-05-31T20:00:48","slug":"aviso-legal","status":"publish","type":"page","link":"https:\/\/belboon.com\/es\/aviso-legal\/","title":{"rendered":"AVISO LEGAL"},"content":{"rendered":"\n<p>De acuerdo con el \u00a7 5 Telemediengesetz (Ley de Media en Alemania):<\/p>\n\n\n\n<p><strong>Editor:<\/strong><br>Daisycon B.V.<br>Edificio Alnovum<br>P.J. Oudweg 5<br>1314 CH Almere<br>Pa\u00edses Bajos<\/p>\n\n\n\n<p>Tel: 0049 (0)30 32 29 65-120<br>Correo electr\u00f3nico: <a>support@belboon.com<\/a><\/p>\n\n\n\n<p>Registro Mercantil \u2013 N\u00famero de la C\u00e1mara de Comercio de los Pa\u00edses Bajos (Kamer van Koophandel): 39073684<br>N\u00famero de identificaci\u00f3n fiscal (NIF \/ VAT-ID): NL809084855B01<\/p>\n\n\n\n<p>Director General:<br>Marko Dobroschelski<\/p>\n","protected":false},"excerpt":{"rendered":"<p>De acuerdo con el \u00a7 5 Telemediengesetz (Ley de Media en Alemania): Editor:Daisycon B.V.Edificio AlnovumP.J. Oudweg 51314 CH AlmerePa\u00edses Bajos Tel: 0049 (0)30 32 29 65-120Correo electr\u00f3nico: support@belboon.com Registro Mercantil \u2013 N\u00famero de la C\u00e1mara de Comercio de los Pa\u00edses Bajos (Kamer van Koophandel): 39073684N\u00famero de identificaci\u00f3n fiscal (NIF \/ VAT-ID): NL809084855B01 Director General:Marko Dobroschelski<\/p>\n","protected":false},"author":4,"featured_media":0,"parent":0,"menu_order":0,"comment_status":"closed","ping_status":"closed","template":"","meta":{"_acf_changed":false,"footnotes":""},"class_list":["post-1799","page","type-page","status-publish","hentry"],"acf":[],"yoast_head":"<!-- This site is optimized with the Yoast SEO plugin v25.4 - https:\/\/yoast.com\/wordpress\/plugins\/seo\/ -->\n<title>AVISO LEGAL - Belboon<\/title>\n<meta name=\"robots\" content=\"noindex, nofollow\" \/>\n<meta property=\"og:locale\" content=\"es_ES\" \/>\n<meta property=\"og:type\" content=\"article\" \/>\n<meta property=\"og:title\" content=\"AVISO LEGAL - Belboon\" \/>\n<meta property=\"og:description\" content=\"De acuerdo con el \u00a7 5 Telemediengesetz (Ley de Media en Alemania): Editor:Daisycon B.V.Edificio AlnovumP.J. Oudweg 51314 CH AlmerePa\u00edses Bajos Tel: 0049 (0)30 32 29 65-120Correo electr\u00f3nico: support@belboon.com Registro Mercantil \u2013 N\u00famero de la C\u00e1mara de Comercio de los Pa\u00edses Bajos (Kamer van Koophandel): 39073684N\u00famero de identificaci\u00f3n fiscal (NIF \/ VAT-ID): NL809084855B01 Director General:Marko Dobroschelski\" \/>\n<meta property=\"og:url\" content=\"https:\/\/belboon.com\/es\/aviso-legal\/\" \/>\n<meta property=\"og:site_name\" content=\"Belboon\" \/>\n<meta property=\"article:modified_time\" content=\"2025-05-31T20:00:48+00:00\" \/>\n<meta property=\"og:image\" content=\"https:\/\/belboon.com\/wp-content\/uploads\/2021\/06\/belboon_Kompakt-Logo_RGB.png\" \/>\n\t<meta property=\"og:image:width\" content=\"200\" \/>\n\t<meta property=\"og:image:height\" content=\"200\" \/>\n\t<meta property=\"og:image:type\" content=\"image\/png\" \/>\n<meta name=\"twitter:card\" content=\"summary_large_image\" \/>\n<meta name=\"twitter:label1\" content=\"Est. reading time\" \/>\n\t<meta name=\"twitter:data1\" content=\"1 minute\" \/>\n<script type=\"application\/ld+json\" class=\"yoast-schema-graph\">{\"@context\":\"https:\/\/schema.org\",\"@graph\":[{\"@type\":\"WebPage\",\"@id\":\"https:\/\/belboon.com\/es\/aviso-legal\/\",\"url\":\"https:\/\/belboon.com\/es\/aviso-legal\/\",\"name\":\"AVISO LEGAL - Belboon\",\"isPartOf\":{\"@id\":\"https:\/\/belboon.com\/es\/#website\"},\"datePublished\":\"2021-07-01T12:50:53+00:00\",\"dateModified\":\"2025-05-31T20:00:48+00:00\",\"breadcrumb\":{\"@id\":\"https:\/\/belboon.com\/es\/aviso-legal\/#breadcrumb\"},\"inLanguage\":\"es-ES\",\"potentialAction\":[{\"@type\":\"ReadAction\",\"target\":[\"https:\/\/belboon.com\/es\/aviso-legal\/\"]}]},{\"@type\":\"BreadcrumbList\",\"@id\":\"https:\/\/belboon.com\/es\/aviso-legal\/#breadcrumb\",\"itemListElement\":[{\"@type\":\"ListItem\",\"position\":1,\"name\":\"Home\",\"item\":\"https:\/\/belboon.com\/es\/\"},{\"@type\":\"ListItem\",\"position\":2,\"name\":\"AVISO LEGAL\"}]},{\"@type\":\"WebSite\",\"@id\":\"https:\/\/belboon.com\/es\/#website\",\"url\":\"https:\/\/belboon.com\/es\/\",\"name\":\"Belboon\",\"description\":\"Just another WordPress site\",\"publisher\":{\"@id\":\"https:\/\/belboon.com\/es\/#organization\"},\"potentialAction\":[{\"@type\":\"SearchAction\",\"target\":{\"@type\":\"EntryPoint\",\"urlTemplate\":\"https:\/\/belboon.com\/es\/?s={search_term_string}\"},\"query-input\":{\"@type\":\"PropertyValueSpecification\",\"valueRequired\":true,\"valueName\":\"search_term_string\"}}],\"inLanguage\":\"es-ES\"},{\"@type\":\"Organization\",\"@id\":\"https:\/\/belboon.com\/es\/#organization\",\"name\":\"belboon GmbH\",\"url\":\"https:\/\/belboon.com\/es\/\",\"logo\":{\"@type\":\"ImageObject\",\"inLanguage\":\"es-ES\",\"@id\":\"https:\/\/belboon.com\/es\/#\/schema\/logo\/image\/\",\"url\":\"https:\/\/belboon.com\/wp-content\/uploads\/2021\/06\/Logo-belboon.png\",\"contentUrl\":\"https:\/\/belboon.com\/wp-content\/uploads\/2021\/06\/Logo-belboon.png\",\"width\":380,\"height\":136,\"caption\":\"belboon GmbH\"},\"image\":{\"@id\":\"https:\/\/belboon.com\/es\/#\/schema\/logo\/image\/\"},\"sameAs\":[\"https:\/\/www.linkedin.com\/company\/belboongmbh\/\"]}]}<\/script>\n<!-- \/ Yoast SEO plugin. -->","yoast_head_json":{"title":"AVISO LEGAL - Belboon","robots":{"index":"noindex","follow":"nofollow"},"og_locale":"es_ES","og_type":"article","og_title":"AVISO LEGAL - Belboon","og_description":"De acuerdo con el \u00a7 5 Telemediengesetz (Ley de Media en Alemania): Editor:Daisycon B.V.Edificio AlnovumP.J. Oudweg 51314 CH AlmerePa\u00edses Bajos Tel: 0049 (0)30 32 29 65-120Correo electr\u00f3nico: support@belboon.com Registro Mercantil \u2013 N\u00famero de la C\u00e1mara de Comercio de los Pa\u00edses Bajos (Kamer van Koophandel): 39073684N\u00famero de identificaci\u00f3n fiscal (NIF \/ VAT-ID): NL809084855B01 Director General:Marko Dobroschelski","og_url":"https:\/\/belboon.com\/es\/aviso-legal\/","og_site_name":"Belboon","article_modified_time":"2025-05-31T20:00:48+00:00","og_image":[{"width":200,"height":200,"url":"https:\/\/belboon.com\/wp-content\/uploads\/2021\/06\/belboon_Kompakt-Logo_RGB.png","type":"image\/png"}],"twitter_card":"summary_large_image","twitter_misc":{"Est. reading time":"1 minute"},"schema":{"@context":"https:\/\/schema.org","@graph":[{"@type":"WebPage","@id":"https:\/\/belboon.com\/es\/aviso-legal\/","url":"https:\/\/belboon.com\/es\/aviso-legal\/","name":"AVISO LEGAL - Belboon","isPartOf":{"@id":"https:\/\/belboon.com\/es\/#website"},"datePublished":"2021-07-01T12:50:53+00:00","dateModified":"2025-05-31T20:00:48+00:00","breadcrumb":{"@id":"https:\/\/belboon.com\/es\/aviso-legal\/#breadcrumb"},"inLanguage":"es-ES","potentialAction":[{"@type":"ReadAction","target":["https:\/\/belboon.com\/es\/aviso-legal\/"]}]},{"@type":"BreadcrumbList","@id":"https:\/\/belboon.com\/es\/aviso-legal\/#breadcrumb","itemListElement":[{"@type":"ListItem","position":1,"name":"Home","item":"https:\/\/belboon.com\/es\/"},{"@type":"ListItem","position":2,"name":"AVISO LEGAL"}]},{"@type":"WebSite","@id":"https:\/\/belboon.com\/es\/#website","url":"https:\/\/belboon.com\/es\/","name":"Belboon","description":"Just another WordPress site","publisher":{"@id":"https:\/\/belboon.com\/es\/#organization"},"potentialAction":[{"@type":"SearchAction","target":{"@type":"EntryPoint","urlTemplate":"https:\/\/belboon.com\/es\/?s={search_term_string}"},"query-input":{"@type":"PropertyValueSpecification","valueRequired":true,"valueName":"search_term_string"}}],"inLanguage":"es-ES"},{"@type":"Organization","@id":"https:\/\/belboon.com\/es\/#organization","name":"belboon GmbH","url":"https:\/\/belboon.com\/es\/","logo":{"@type":"ImageObject","inLanguage":"es-ES","@id":"https:\/\/belboon.com\/es\/#\/schema\/logo\/image\/","url":"https:\/\/belboon.com\/wp-content\/uploads\/2021\/06\/Logo-belboon.png","contentUrl":"https:\/\/belboon.com\/wp-content\/uploads\/2021\/06\/Logo-belboon.png","width":380,"height":136,"caption":"belboon GmbH"},"image":{"@id":"https:\/\/belboon.com\/es\/#\/schema\/logo\/image\/"},"sameAs":["https:\/\/www.linkedin.com\/company\/belboongmbh\/"]}]}},"_links":{"self":[{"href":"https:\/\/belboon.com\/es\/wp-json\/wp\/v2\/pages\/1799","targetHints":{"allow":["GET"]}}],"collection":[{"href":"https:\/\/belboon.com\/es\/wp-json\/wp\/v2\/pages"}],"about":[{"href":"https:\/\/belboon.com\/es\/wp-json\/wp\/v2\/types\/page"}],"author":[{"embeddable":true,"href":"https:\/\/belboon.com\/es\/wp-json\/wp\/v2\/users\/4"}],"replies":[{"embeddable":true,"href":"https:\/\/belboon.com\/es\/wp-json\/wp\/v2\/comments?post=1799"}],"version-history":[{"count":9,"href":"https:\/\/belboon.com\/es\/wp-json\/wp\/v2\/pages\/1799\/revisions"}],"predecessor-version":[{"id":5605,"href":"https:\/\/belboon.com\/es\/wp-json\/wp\/v2\/pages\/1799\/revisions\/5605"}],"wp:attachment":[{"href":"https:\/\/belboon.com\/es\/wp-json\/wp\/v2\/media?parent=1799"}],"curies":[{"name":"wp","href":"https:\/\/api.w.org\/{rel}","templated":true}]}}