{"id":1213,"date":"2021-06-24T08:58:42","date_gmt":"2021-06-24T08:58:42","guid":{"rendered":"https:\/\/belboon.simonmade.it\/?page_id=1213"},"modified":"2025-05-31T20:01:51","modified_gmt":"2025-05-31T20:01:51","slug":"mentions-legales","status":"publish","type":"page","link":"https:\/\/belboon.com\/fr\/mentions-legales\/","title":{"rendered":"MENTIONS L\u00c9GALES"},"content":{"rendered":"\n<p><strong>\u00c9diteur:<br><\/strong>Daisycon B.V.<br>B\u00e2timent Alnovum<br>P.J. Oudweg 5<br>1314 CH Almere<br>Pays-Bas<\/p>\n\n\n\n<p>T\u00e9l : 0049 (0)30 32 29 65-120<br>E-mail : <a>support@belboon.com<\/a><\/p>\n\n\n\n<p>Registre du commerce \u2013 Num\u00e9ro de la Chambre de commerce des Pays-Bas (Kamer van Koophandel): 39073684<br>Num\u00e9ro de TVA intracommunautaire (VAT-ID): NL809084855B01<\/p>\n\n\n\n<p>Directeur g\u00e9n\u00e9ral :<br>Marko Dobroschelski<\/p>\n\n\n\n<p><\/p>\n","protected":false},"excerpt":{"rendered":"<p>\u00c9diteur:Daisycon B.V.B\u00e2timent AlnovumP.J. Oudweg 51314 CH AlmerePays-Bas T\u00e9l : 0049 (0)30 32 29 65-120E-mail : support@belboon.com Registre du commerce \u2013 Num\u00e9ro de la Chambre de commerce des Pays-Bas (Kamer van Koophandel): 39073684Num\u00e9ro de TVA intracommunautaire (VAT-ID): NL809084855B01 Directeur g\u00e9n\u00e9ral :Marko Dobroschelski<\/p>\n","protected":false},"author":4,"featured_media":0,"parent":0,"menu_order":0,"comment_status":"closed","ping_status":"closed","template":"","meta":{"_acf_changed":false,"footnotes":""},"class_list":["post-1213","page","type-page","status-publish","hentry"],"acf":[],"yoast_head":"<!-- This site is optimized with the Yoast SEO plugin v25.4 - https:\/\/yoast.com\/wordpress\/plugins\/seo\/ -->\n<title>MENTIONS L\u00c9GALES - Belboon<\/title>\n<meta name=\"robots\" content=\"noindex, nofollow\" \/>\n<meta property=\"og:locale\" content=\"fr_FR\" \/>\n<meta property=\"og:type\" content=\"article\" \/>\n<meta property=\"og:title\" content=\"MENTIONS L\u00c9GALES - Belboon\" \/>\n<meta property=\"og:description\" content=\"\u00c9diteur:Daisycon B.V.B\u00e2timent AlnovumP.J. Oudweg 51314 CH AlmerePays-Bas T\u00e9l : 0049 (0)30 32 29 65-120E-mail : support@belboon.com Registre du commerce \u2013 Num\u00e9ro de la Chambre de commerce des Pays-Bas (Kamer van Koophandel): 39073684Num\u00e9ro de TVA intracommunautaire (VAT-ID): NL809084855B01 Directeur g\u00e9n\u00e9ral :Marko Dobroschelski\" \/>\n<meta property=\"og:url\" content=\"https:\/\/belboon.com\/fr\/mentions-legales\/\" \/>\n<meta property=\"og:site_name\" content=\"Belboon\" \/>\n<meta property=\"article:modified_time\" content=\"2025-05-31T20:01:51+00:00\" \/>\n<meta property=\"og:image\" content=\"https:\/\/belboon.com\/wp-content\/uploads\/2021\/06\/belboon_Kompakt-Logo_RGB.png\" \/>\n\t<meta property=\"og:image:width\" content=\"200\" \/>\n\t<meta property=\"og:image:height\" content=\"200\" \/>\n\t<meta property=\"og:image:type\" content=\"image\/png\" \/>\n<meta name=\"twitter:card\" content=\"summary_large_image\" \/>\n<meta name=\"twitter:label1\" content=\"Est. reading time\" \/>\n\t<meta name=\"twitter:data1\" content=\"1 minute\" \/>\n<script type=\"application\/ld+json\" class=\"yoast-schema-graph\">{\"@context\":\"https:\/\/schema.org\",\"@graph\":[{\"@type\":\"WebPage\",\"@id\":\"https:\/\/belboon.com\/fr\/mentions-legales\/\",\"url\":\"https:\/\/belboon.com\/fr\/mentions-legales\/\",\"name\":\"MENTIONS L\u00c9GALES - Belboon\",\"isPartOf\":{\"@id\":\"https:\/\/belboon.com\/fr\/#website\"},\"datePublished\":\"2021-06-24T08:58:42+00:00\",\"dateModified\":\"2025-05-31T20:01:51+00:00\",\"breadcrumb\":{\"@id\":\"https:\/\/belboon.com\/fr\/mentions-legales\/#breadcrumb\"},\"inLanguage\":\"fr-FR\",\"potentialAction\":[{\"@type\":\"ReadAction\",\"target\":[\"https:\/\/belboon.com\/fr\/mentions-legales\/\"]}]},{\"@type\":\"BreadcrumbList\",\"@id\":\"https:\/\/belboon.com\/fr\/mentions-legales\/#breadcrumb\",\"itemListElement\":[{\"@type\":\"ListItem\",\"position\":1,\"name\":\"Home\",\"item\":\"https:\/\/stage.belboon.com\/fr\/\"},{\"@type\":\"ListItem\",\"position\":2,\"name\":\"MENTIONS L\u00c9GALES\"}]},{\"@type\":\"WebSite\",\"@id\":\"https:\/\/belboon.com\/fr\/#website\",\"url\":\"https:\/\/belboon.com\/fr\/\",\"name\":\"Belboon\",\"description\":\"Just another WordPress site\",\"publisher\":{\"@id\":\"https:\/\/belboon.com\/fr\/#organization\"},\"potentialAction\":[{\"@type\":\"SearchAction\",\"target\":{\"@type\":\"EntryPoint\",\"urlTemplate\":\"https:\/\/belboon.com\/fr\/?s={search_term_string}\"},\"query-input\":{\"@type\":\"PropertyValueSpecification\",\"valueRequired\":true,\"valueName\":\"search_term_string\"}}],\"inLanguage\":\"fr-FR\"},{\"@type\":\"Organization\",\"@id\":\"https:\/\/belboon.com\/fr\/#organization\",\"name\":\"belboon GmbH\",\"url\":\"https:\/\/belboon.com\/fr\/\",\"logo\":{\"@type\":\"ImageObject\",\"inLanguage\":\"fr-FR\",\"@id\":\"https:\/\/belboon.com\/fr\/#\/schema\/logo\/image\/\",\"url\":\"https:\/\/belboon.com\/wp-content\/uploads\/2021\/06\/Logo-belboon.png\",\"contentUrl\":\"https:\/\/belboon.com\/wp-content\/uploads\/2021\/06\/Logo-belboon.png\",\"width\":380,\"height\":136,\"caption\":\"belboon GmbH\"},\"image\":{\"@id\":\"https:\/\/belboon.com\/fr\/#\/schema\/logo\/image\/\"},\"sameAs\":[\"https:\/\/www.linkedin.com\/company\/belboongmbh\/\"]}]}<\/script>\n<!-- \/ Yoast SEO plugin. -->","yoast_head_json":{"title":"MENTIONS L\u00c9GALES - Belboon","robots":{"index":"noindex","follow":"nofollow"},"og_locale":"fr_FR","og_type":"article","og_title":"MENTIONS L\u00c9GALES - Belboon","og_description":"\u00c9diteur:Daisycon B.V.B\u00e2timent AlnovumP.J. Oudweg 51314 CH AlmerePays-Bas T\u00e9l : 0049 (0)30 32 29 65-120E-mail : support@belboon.com Registre du commerce \u2013 Num\u00e9ro de la Chambre de commerce des Pays-Bas (Kamer van Koophandel): 39073684Num\u00e9ro de TVA intracommunautaire (VAT-ID): NL809084855B01 Directeur g\u00e9n\u00e9ral :Marko Dobroschelski","og_url":"https:\/\/belboon.com\/fr\/mentions-legales\/","og_site_name":"Belboon","article_modified_time":"2025-05-31T20:01:51+00:00","og_image":[{"width":200,"height":200,"url":"https:\/\/belboon.com\/wp-content\/uploads\/2021\/06\/belboon_Kompakt-Logo_RGB.png","type":"image\/png"}],"twitter_card":"summary_large_image","twitter_misc":{"Est. reading time":"1 minute"},"schema":{"@context":"https:\/\/schema.org","@graph":[{"@type":"WebPage","@id":"https:\/\/belboon.com\/fr\/mentions-legales\/","url":"https:\/\/belboon.com\/fr\/mentions-legales\/","name":"MENTIONS L\u00c9GALES - Belboon","isPartOf":{"@id":"https:\/\/belboon.com\/fr\/#website"},"datePublished":"2021-06-24T08:58:42+00:00","dateModified":"2025-05-31T20:01:51+00:00","breadcrumb":{"@id":"https:\/\/belboon.com\/fr\/mentions-legales\/#breadcrumb"},"inLanguage":"fr-FR","potentialAction":[{"@type":"ReadAction","target":["https:\/\/belboon.com\/fr\/mentions-legales\/"]}]},{"@type":"BreadcrumbList","@id":"https:\/\/belboon.com\/fr\/mentions-legales\/#breadcrumb","itemListElement":[{"@type":"ListItem","position":1,"name":"Home","item":"https:\/\/stage.belboon.com\/fr\/"},{"@type":"ListItem","position":2,"name":"MENTIONS L\u00c9GALES"}]},{"@type":"WebSite","@id":"https:\/\/belboon.com\/fr\/#website","url":"https:\/\/belboon.com\/fr\/","name":"Belboon","description":"Just another WordPress site","publisher":{"@id":"https:\/\/belboon.com\/fr\/#organization"},"potentialAction":[{"@type":"SearchAction","target":{"@type":"EntryPoint","urlTemplate":"https:\/\/belboon.com\/fr\/?s={search_term_string}"},"query-input":{"@type":"PropertyValueSpecification","valueRequired":true,"valueName":"search_term_string"}}],"inLanguage":"fr-FR"},{"@type":"Organization","@id":"https:\/\/belboon.com\/fr\/#organization","name":"belboon GmbH","url":"https:\/\/belboon.com\/fr\/","logo":{"@type":"ImageObject","inLanguage":"fr-FR","@id":"https:\/\/belboon.com\/fr\/#\/schema\/logo\/image\/","url":"https:\/\/belboon.com\/wp-content\/uploads\/2021\/06\/Logo-belboon.png","contentUrl":"https:\/\/belboon.com\/wp-content\/uploads\/2021\/06\/Logo-belboon.png","width":380,"height":136,"caption":"belboon GmbH"},"image":{"@id":"https:\/\/belboon.com\/fr\/#\/schema\/logo\/image\/"},"sameAs":["https:\/\/www.linkedin.com\/company\/belboongmbh\/"]}]}},"_links":{"self":[{"href":"https:\/\/belboon.com\/fr\/wp-json\/wp\/v2\/pages\/1213","targetHints":{"allow":["GET"]}}],"collection":[{"href":"https:\/\/belboon.com\/fr\/wp-json\/wp\/v2\/pages"}],"about":[{"href":"https:\/\/belboon.com\/fr\/wp-json\/wp\/v2\/types\/page"}],"author":[{"embeddable":true,"href":"https:\/\/belboon.com\/fr\/wp-json\/wp\/v2\/users\/4"}],"replies":[{"embeddable":true,"href":"https:\/\/belboon.com\/fr\/wp-json\/wp\/v2\/comments?post=1213"}],"version-history":[{"count":10,"href":"https:\/\/belboon.com\/fr\/wp-json\/wp\/v2\/pages\/1213\/revisions"}],"predecessor-version":[{"id":5606,"href":"https:\/\/belboon.com\/fr\/wp-json\/wp\/v2\/pages\/1213\/revisions\/5606"}],"wp:attachment":[{"href":"https:\/\/belboon.com\/fr\/wp-json\/wp\/v2\/media?parent=1213"}],"curies":[{"name":"wp","href":"https:\/\/api.w.org\/{rel}","templated":true}]}}