{"id":1784,"date":"2021-07-01T12:42:20","date_gmt":"2021-07-01T12:42:20","guid":{"rendered":"https:\/\/belboon.simonmade.it\/?page_id=1784"},"modified":"2021-07-01T12:42:20","modified_gmt":"2021-07-01T12:42:20","slug":"a-propos-de-nous","status":"publish","type":"page","link":"https:\/\/belboon.com\/fr\/a-propos-de-nous\/","title":{"rendered":"\u00c0 propos de nous"},"content":{"rendered":"","protected":false},"excerpt":{"rendered":"","protected":false},"author":4,"featured_media":0,"parent":0,"menu_order":0,"comment_status":"closed","ping_status":"closed","template":"template-page-builder.php","meta":{"_acf_changed":false,"footnotes":""},"class_list":["post-1784","page","type-page","status-publish","hentry"],"acf":[],"yoast_head":"<!-- This site is optimized with the Yoast SEO plugin v25.4 - https:\/\/yoast.com\/wordpress\/plugins\/seo\/ -->\n<title>Voil\u00e0 ce que nous faisons et voil\u00e0 comment nous pensons ! Belboon<\/title>\n<meta name=\"description\" content=\"Il est important pour nous de vous offrir un marketing \u00e0 la performance s\u00fbr et transparent et d&#039;\u00eatre \u00e0 vos c\u00f4t\u00e9s du premier clic au paiement de la commission.\" \/>\n<meta name=\"robots\" content=\"index, follow, max-snippet:-1, max-image-preview:large, max-video-preview:-1\" \/>\n<link rel=\"canonical\" href=\"https:\/\/belboon.com\/fr\/a-propos-de-nous\/\" \/>\n<meta property=\"og:locale\" content=\"fr_FR\" \/>\n<meta property=\"og:type\" content=\"article\" \/>\n<meta property=\"og:title\" content=\"Voil\u00e0 ce que nous faisons et voil\u00e0 comment nous pensons ! Belboon\" \/>\n<meta property=\"og:description\" content=\"Il est important pour nous de vous offrir un marketing \u00e0 la performance s\u00fbr et transparent et d&#039;\u00eatre \u00e0 vos c\u00f4t\u00e9s du premier clic au paiement de la commission.\" \/>\n<meta property=\"og:url\" content=\"https:\/\/belboon.com\/fr\/a-propos-de-nous\/\" \/>\n<meta property=\"og:site_name\" content=\"Belboon\" \/>\n<meta property=\"og:image\" content=\"https:\/\/belboon.com\/wp-content\/uploads\/2021\/06\/belboon_Kompakt-Logo_RGB.png\" \/>\n\t<meta property=\"og:image:width\" content=\"200\" \/>\n\t<meta property=\"og:image:height\" content=\"200\" \/>\n\t<meta property=\"og:image:type\" content=\"image\/png\" \/>\n<meta name=\"twitter:card\" content=\"summary_large_image\" \/>\n<script type=\"application\/ld+json\" class=\"yoast-schema-graph\">{\"@context\":\"https:\/\/schema.org\",\"@graph\":[{\"@type\":\"WebPage\",\"@id\":\"https:\/\/belboon.com\/fr\/a-propos-de-nous\/\",\"url\":\"https:\/\/belboon.com\/fr\/a-propos-de-nous\/\",\"name\":\"Voil\u00e0 ce que nous faisons et voil\u00e0 comment nous pensons ! Belboon\",\"isPartOf\":{\"@id\":\"https:\/\/belboon.com\/fr\/#website\"},\"datePublished\":\"2021-07-01T12:42:20+00:00\",\"description\":\"Il est important pour nous de vous offrir un marketing \u00e0 la performance s\u00fbr et transparent et d'\u00eatre \u00e0 vos c\u00f4t\u00e9s du premier clic au paiement de la commission.\",\"breadcrumb\":{\"@id\":\"https:\/\/belboon.com\/fr\/a-propos-de-nous\/#breadcrumb\"},\"inLanguage\":\"fr-FR\",\"potentialAction\":[{\"@type\":\"ReadAction\",\"target\":[\"https:\/\/belboon.com\/fr\/a-propos-de-nous\/\"]}]},{\"@type\":\"BreadcrumbList\",\"@id\":\"https:\/\/belboon.com\/fr\/a-propos-de-nous\/#breadcrumb\",\"itemListElement\":[{\"@type\":\"ListItem\",\"position\":1,\"name\":\"Home\",\"item\":\"https:\/\/stage.belboon.com\/fr\/\"},{\"@type\":\"ListItem\",\"position\":2,\"name\":\"\u00c0 propos de nous\"}]},{\"@type\":\"WebSite\",\"@id\":\"https:\/\/belboon.com\/fr\/#website\",\"url\":\"https:\/\/belboon.com\/fr\/\",\"name\":\"Belboon\",\"description\":\"Just another WordPress site\",\"publisher\":{\"@id\":\"https:\/\/belboon.com\/fr\/#organization\"},\"potentialAction\":[{\"@type\":\"SearchAction\",\"target\":{\"@type\":\"EntryPoint\",\"urlTemplate\":\"https:\/\/belboon.com\/fr\/?s={search_term_string}\"},\"query-input\":{\"@type\":\"PropertyValueSpecification\",\"valueRequired\":true,\"valueName\":\"search_term_string\"}}],\"inLanguage\":\"fr-FR\"},{\"@type\":\"Organization\",\"@id\":\"https:\/\/belboon.com\/fr\/#organization\",\"name\":\"belboon GmbH\",\"url\":\"https:\/\/belboon.com\/fr\/\",\"logo\":{\"@type\":\"ImageObject\",\"inLanguage\":\"fr-FR\",\"@id\":\"https:\/\/belboon.com\/fr\/#\/schema\/logo\/image\/\",\"url\":\"https:\/\/belboon.com\/wp-content\/uploads\/2021\/06\/Logo-belboon.png\",\"contentUrl\":\"https:\/\/belboon.com\/wp-content\/uploads\/2021\/06\/Logo-belboon.png\",\"width\":380,\"height\":136,\"caption\":\"belboon GmbH\"},\"image\":{\"@id\":\"https:\/\/belboon.com\/fr\/#\/schema\/logo\/image\/\"},\"sameAs\":[\"https:\/\/www.linkedin.com\/company\/belboongmbh\/\"]}]}<\/script>\n<!-- \/ Yoast SEO plugin. -->","yoast_head_json":{"title":"Voil\u00e0 ce que nous faisons et voil\u00e0 comment nous pensons ! Belboon","description":"Il est important pour nous de vous offrir un marketing \u00e0 la performance s\u00fbr et transparent et d'\u00eatre \u00e0 vos c\u00f4t\u00e9s du premier clic au paiement de la commission.","robots":{"index":"index","follow":"follow","max-snippet":"max-snippet:-1","max-image-preview":"max-image-preview:large","max-video-preview":"max-video-preview:-1"},"canonical":"https:\/\/belboon.com\/fr\/a-propos-de-nous\/","og_locale":"fr_FR","og_type":"article","og_title":"Voil\u00e0 ce que nous faisons et voil\u00e0 comment nous pensons ! Belboon","og_description":"Il est important pour nous de vous offrir un marketing \u00e0 la performance s\u00fbr et transparent et d'\u00eatre \u00e0 vos c\u00f4t\u00e9s du premier clic au paiement de la commission.","og_url":"https:\/\/belboon.com\/fr\/a-propos-de-nous\/","og_site_name":"Belboon","og_image":[{"width":200,"height":200,"url":"https:\/\/belboon.com\/wp-content\/uploads\/2021\/06\/belboon_Kompakt-Logo_RGB.png","type":"image\/png"}],"twitter_card":"summary_large_image","schema":{"@context":"https:\/\/schema.org","@graph":[{"@type":"WebPage","@id":"https:\/\/belboon.com\/fr\/a-propos-de-nous\/","url":"https:\/\/belboon.com\/fr\/a-propos-de-nous\/","name":"Voil\u00e0 ce que nous faisons et voil\u00e0 comment nous pensons ! Belboon","isPartOf":{"@id":"https:\/\/belboon.com\/fr\/#website"},"datePublished":"2021-07-01T12:42:20+00:00","description":"Il est important pour nous de vous offrir un marketing \u00e0 la performance s\u00fbr et transparent et d'\u00eatre \u00e0 vos c\u00f4t\u00e9s du premier clic au paiement de la commission.","breadcrumb":{"@id":"https:\/\/belboon.com\/fr\/a-propos-de-nous\/#breadcrumb"},"inLanguage":"fr-FR","potentialAction":[{"@type":"ReadAction","target":["https:\/\/belboon.com\/fr\/a-propos-de-nous\/"]}]},{"@type":"BreadcrumbList","@id":"https:\/\/belboon.com\/fr\/a-propos-de-nous\/#breadcrumb","itemListElement":[{"@type":"ListItem","position":1,"name":"Home","item":"https:\/\/stage.belboon.com\/fr\/"},{"@type":"ListItem","position":2,"name":"\u00c0 propos de nous"}]},{"@type":"WebSite","@id":"https:\/\/belboon.com\/fr\/#website","url":"https:\/\/belboon.com\/fr\/","name":"Belboon","description":"Just another WordPress site","publisher":{"@id":"https:\/\/belboon.com\/fr\/#organization"},"potentialAction":[{"@type":"SearchAction","target":{"@type":"EntryPoint","urlTemplate":"https:\/\/belboon.com\/fr\/?s={search_term_string}"},"query-input":{"@type":"PropertyValueSpecification","valueRequired":true,"valueName":"search_term_string"}}],"inLanguage":"fr-FR"},{"@type":"Organization","@id":"https:\/\/belboon.com\/fr\/#organization","name":"belboon GmbH","url":"https:\/\/belboon.com\/fr\/","logo":{"@type":"ImageObject","inLanguage":"fr-FR","@id":"https:\/\/belboon.com\/fr\/#\/schema\/logo\/image\/","url":"https:\/\/belboon.com\/wp-content\/uploads\/2021\/06\/Logo-belboon.png","contentUrl":"https:\/\/belboon.com\/wp-content\/uploads\/2021\/06\/Logo-belboon.png","width":380,"height":136,"caption":"belboon GmbH"},"image":{"@id":"https:\/\/belboon.com\/fr\/#\/schema\/logo\/image\/"},"sameAs":["https:\/\/www.linkedin.com\/company\/belboongmbh\/"]}]}},"_links":{"self":[{"href":"https:\/\/belboon.com\/fr\/wp-json\/wp\/v2\/pages\/1784","targetHints":{"allow":["GET"]}}],"collection":[{"href":"https:\/\/belboon.com\/fr\/wp-json\/wp\/v2\/pages"}],"about":[{"href":"https:\/\/belboon.com\/fr\/wp-json\/wp\/v2\/types\/page"}],"author":[{"embeddable":true,"href":"https:\/\/belboon.com\/fr\/wp-json\/wp\/v2\/users\/4"}],"replies":[{"embeddable":true,"href":"https:\/\/belboon.com\/fr\/wp-json\/wp\/v2\/comments?post=1784"}],"version-history":[{"count":2,"href":"https:\/\/belboon.com\/fr\/wp-json\/wp\/v2\/pages\/1784\/revisions"}],"predecessor-version":[{"id":1787,"href":"https:\/\/belboon.com\/fr\/wp-json\/wp\/v2\/pages\/1784\/revisions\/1787"}],"wp:attachment":[{"href":"https:\/\/belboon.com\/fr\/wp-json\/wp\/v2\/media?parent=1784"}],"curies":[{"name":"wp","href":"https:\/\/api.w.org\/{rel}","templated":true}]}}