{"id":5121,"date":"2024-02-28T12:29:04","date_gmt":"2024-02-28T12:29:04","guid":{"rendered":"https:\/\/belboon.local\/?page_id=5121"},"modified":"2024-03-01T10:41:38","modified_gmt":"2024-03-01T10:41:38","slug":"page-daccueil","status":"publish","type":"page","link":"https:\/\/belboon.com\/fr\/","title":{"rendered":"Page d&#8217;accueil"},"content":{"rendered":"","protected":false},"excerpt":{"rendered":"","protected":false},"author":1,"featured_media":0,"parent":0,"menu_order":0,"comment_status":"closed","ping_status":"closed","template":"template-page-builder.php","meta":{"_acf_changed":false,"footnotes":""},"class_list":["post-5121","page","type-page","status-publish","hentry"],"acf":[],"yoast_head":"<!-- This site is optimized with the Yoast SEO plugin v25.4 - https:\/\/yoast.com\/wordpress\/plugins\/seo\/ -->\n<title>R\u00e9seau international de marketing \u00e0 la performance &amp; d&#039;affiliation<\/title>\n<meta name=\"description\" content=\"Nous sommes votre r\u00e9seau international de marketing \u00e0 la performance. Nous planifions votre strat\u00e9gie de croissance et augmentons vos ventes de mani\u00e8re durable !\" \/>\n<meta name=\"robots\" content=\"index, follow, max-snippet:-1, max-image-preview:large, max-video-preview:-1\" \/>\n<link rel=\"canonical\" href=\"https:\/\/belboon.com\/fr\/\" \/>\n<meta property=\"og:locale\" content=\"fr_FR\" \/>\n<meta property=\"og:type\" content=\"article\" \/>\n<meta property=\"og:title\" content=\"R\u00e9seau international de marketing \u00e0 la performance &amp; d&#039;affiliation\" \/>\n<meta property=\"og:description\" content=\"Nous sommes votre r\u00e9seau international de marketing \u00e0 la performance. Nous planifions votre strat\u00e9gie de croissance et augmentons vos ventes de mani\u00e8re durable !\" \/>\n<meta property=\"og:url\" content=\"https:\/\/belboon.com\/fr\/\" \/>\n<meta property=\"og:site_name\" content=\"Belboon\" \/>\n<meta property=\"article:modified_time\" content=\"2024-03-01T10:41:38+00:00\" \/>\n<meta property=\"og:image\" content=\"https:\/\/belboon.com\/wp-content\/uploads\/2021\/06\/belboon_Kompakt-Logo_RGB.png\" \/>\n\t<meta property=\"og:image:width\" content=\"200\" \/>\n\t<meta property=\"og:image:height\" content=\"200\" \/>\n\t<meta property=\"og:image:type\" content=\"image\/png\" \/>\n<meta name=\"twitter:card\" content=\"summary_large_image\" \/>\n<script type=\"application\/ld+json\" class=\"yoast-schema-graph\">{\"@context\":\"https:\/\/schema.org\",\"@graph\":[{\"@type\":\"WebPage\",\"@id\":\"https:\/\/belboon.com\/fr\/\",\"url\":\"https:\/\/belboon.com\/fr\/\",\"name\":\"R\u00e9seau international de marketing \u00e0 la performance & d'affiliation\",\"isPartOf\":{\"@id\":\"https:\/\/belboon.com\/fr\/#website\"},\"datePublished\":\"2024-02-28T12:29:04+00:00\",\"dateModified\":\"2024-03-01T10:41:38+00:00\",\"description\":\"Nous sommes votre r\u00e9seau international de marketing \u00e0 la performance. Nous planifions votre strat\u00e9gie de croissance et augmentons vos ventes de mani\u00e8re durable !\",\"breadcrumb\":{\"@id\":\"https:\/\/belboon.com\/fr\/#breadcrumb\"},\"inLanguage\":\"fr-FR\",\"potentialAction\":[{\"@type\":\"ReadAction\",\"target\":[\"https:\/\/belboon.com\/fr\/\"]}]},{\"@type\":\"BreadcrumbList\",\"@id\":\"https:\/\/belboon.com\/fr\/#breadcrumb\",\"itemListElement\":[{\"@type\":\"ListItem\",\"position\":1,\"name\":\"Home\",\"item\":\"https:\/\/stage.belboon.com\/fr\/\"},{\"@type\":\"ListItem\",\"position\":2,\"name\":\"Page d&#8217;accueil\"}]},{\"@type\":\"WebSite\",\"@id\":\"https:\/\/belboon.com\/fr\/#website\",\"url\":\"https:\/\/belboon.com\/fr\/\",\"name\":\"Belboon\",\"description\":\"Just another WordPress site\",\"publisher\":{\"@id\":\"https:\/\/belboon.com\/fr\/#organization\"},\"potentialAction\":[{\"@type\":\"SearchAction\",\"target\":{\"@type\":\"EntryPoint\",\"urlTemplate\":\"https:\/\/belboon.com\/fr\/?s={search_term_string}\"},\"query-input\":{\"@type\":\"PropertyValueSpecification\",\"valueRequired\":true,\"valueName\":\"search_term_string\"}}],\"inLanguage\":\"fr-FR\"},{\"@type\":\"Organization\",\"@id\":\"https:\/\/belboon.com\/fr\/#organization\",\"name\":\"belboon GmbH\",\"url\":\"https:\/\/belboon.com\/fr\/\",\"logo\":{\"@type\":\"ImageObject\",\"inLanguage\":\"fr-FR\",\"@id\":\"https:\/\/belboon.com\/fr\/#\/schema\/logo\/image\/\",\"url\":\"https:\/\/belboon.com\/wp-content\/uploads\/2021\/06\/Logo-belboon.png\",\"contentUrl\":\"https:\/\/belboon.com\/wp-content\/uploads\/2021\/06\/Logo-belboon.png\",\"width\":380,\"height\":136,\"caption\":\"belboon GmbH\"},\"image\":{\"@id\":\"https:\/\/belboon.com\/fr\/#\/schema\/logo\/image\/\"},\"sameAs\":[\"https:\/\/www.linkedin.com\/company\/belboongmbh\/\"]}]}<\/script>\n<!-- \/ Yoast SEO plugin. -->","yoast_head_json":{"title":"R\u00e9seau international de marketing \u00e0 la performance & d'affiliation","description":"Nous sommes votre r\u00e9seau international de marketing \u00e0 la performance. Nous planifions votre strat\u00e9gie de croissance et augmentons vos ventes de mani\u00e8re durable !","robots":{"index":"index","follow":"follow","max-snippet":"max-snippet:-1","max-image-preview":"max-image-preview:large","max-video-preview":"max-video-preview:-1"},"canonical":"https:\/\/belboon.com\/fr\/","og_locale":"fr_FR","og_type":"article","og_title":"R\u00e9seau international de marketing \u00e0 la performance & d'affiliation","og_description":"Nous sommes votre r\u00e9seau international de marketing \u00e0 la performance. Nous planifions votre strat\u00e9gie de croissance et augmentons vos ventes de mani\u00e8re durable !","og_url":"https:\/\/belboon.com\/fr\/","og_site_name":"Belboon","article_modified_time":"2024-03-01T10:41:38+00:00","og_image":[{"width":200,"height":200,"url":"https:\/\/belboon.com\/wp-content\/uploads\/2021\/06\/belboon_Kompakt-Logo_RGB.png","type":"image\/png"}],"twitter_card":"summary_large_image","schema":{"@context":"https:\/\/schema.org","@graph":[{"@type":"WebPage","@id":"https:\/\/belboon.com\/fr\/","url":"https:\/\/belboon.com\/fr\/","name":"R\u00e9seau international de marketing \u00e0 la performance & d'affiliation","isPartOf":{"@id":"https:\/\/belboon.com\/fr\/#website"},"datePublished":"2024-02-28T12:29:04+00:00","dateModified":"2024-03-01T10:41:38+00:00","description":"Nous sommes votre r\u00e9seau international de marketing \u00e0 la performance. Nous planifions votre strat\u00e9gie de croissance et augmentons vos ventes de mani\u00e8re durable !","breadcrumb":{"@id":"https:\/\/belboon.com\/fr\/#breadcrumb"},"inLanguage":"fr-FR","potentialAction":[{"@type":"ReadAction","target":["https:\/\/belboon.com\/fr\/"]}]},{"@type":"BreadcrumbList","@id":"https:\/\/belboon.com\/fr\/#breadcrumb","itemListElement":[{"@type":"ListItem","position":1,"name":"Home","item":"https:\/\/stage.belboon.com\/fr\/"},{"@type":"ListItem","position":2,"name":"Page d&#8217;accueil"}]},{"@type":"WebSite","@id":"https:\/\/belboon.com\/fr\/#website","url":"https:\/\/belboon.com\/fr\/","name":"Belboon","description":"Just another WordPress site","publisher":{"@id":"https:\/\/belboon.com\/fr\/#organization"},"potentialAction":[{"@type":"SearchAction","target":{"@type":"EntryPoint","urlTemplate":"https:\/\/belboon.com\/fr\/?s={search_term_string}"},"query-input":{"@type":"PropertyValueSpecification","valueRequired":true,"valueName":"search_term_string"}}],"inLanguage":"fr-FR"},{"@type":"Organization","@id":"https:\/\/belboon.com\/fr\/#organization","name":"belboon GmbH","url":"https:\/\/belboon.com\/fr\/","logo":{"@type":"ImageObject","inLanguage":"fr-FR","@id":"https:\/\/belboon.com\/fr\/#\/schema\/logo\/image\/","url":"https:\/\/belboon.com\/wp-content\/uploads\/2021\/06\/Logo-belboon.png","contentUrl":"https:\/\/belboon.com\/wp-content\/uploads\/2021\/06\/Logo-belboon.png","width":380,"height":136,"caption":"belboon GmbH"},"image":{"@id":"https:\/\/belboon.com\/fr\/#\/schema\/logo\/image\/"},"sameAs":["https:\/\/www.linkedin.com\/company\/belboongmbh\/"]}]}},"_links":{"self":[{"href":"https:\/\/belboon.com\/fr\/wp-json\/wp\/v2\/pages\/5121","targetHints":{"allow":["GET"]}}],"collection":[{"href":"https:\/\/belboon.com\/fr\/wp-json\/wp\/v2\/pages"}],"about":[{"href":"https:\/\/belboon.com\/fr\/wp-json\/wp\/v2\/types\/page"}],"author":[{"embeddable":true,"href":"https:\/\/belboon.com\/fr\/wp-json\/wp\/v2\/users\/1"}],"replies":[{"embeddable":true,"href":"https:\/\/belboon.com\/fr\/wp-json\/wp\/v2\/comments?post=5121"}],"version-history":[{"count":10,"href":"https:\/\/belboon.com\/fr\/wp-json\/wp\/v2\/pages\/5121\/revisions"}],"predecessor-version":[{"id":5277,"href":"https:\/\/belboon.com\/fr\/wp-json\/wp\/v2\/pages\/5121\/revisions\/5277"}],"wp:attachment":[{"href":"https:\/\/belboon.com\/fr\/wp-json\/wp\/v2\/media?parent=5121"}],"curies":[{"name":"wp","href":"https:\/\/api.w.org\/{rel}","templated":true}]}}